{"id":905,"date":"2016-11-11T15:24:48","date_gmt":"2016-11-11T14:24:48","guid":{"rendered":"http:\/\/tiborhornak.sk\/hlavna-stranka\/"},"modified":"2018-12-19T08:52:10","modified_gmt":"2018-12-19T07:52:10","slug":"main-page","status":"publish","type":"page","link":"https:\/\/tiborhornak.sk\/en\/","title":{"rendered":"Main page"},"content":{"rendered":"<p><div class=\"fusion-fullwidth fullwidth-box fusion-builder-row-1 hundred-percent-fullwidth non-hundred-percent-height-scrolling fusion-equal-height-columns\" style=\"--awb-border-radius-top-left:0px;--awb-border-radius-top-right:0px;--awb-border-radius-bottom-right:0px;--awb-border-radius-bottom-left:0px;--awb-padding-top:0px;--awb-padding-right:0px;--awb-padding-bottom:0px;--awb-padding-left:0px;--awb-margin-top:0px;--awb-margin-bottom:0px;--awb-flex-wrap:wrap;\" id=\"ktosom\" ><div class=\"fusion-builder-row fusion-row\"><div class=\"fusion-layout-column fusion_builder_column fusion-builder-column-0 fusion_builder_column_1_2 1_2 fusion-one-half fusion-column-first\" style=\"--awb-padding-top:15%;--awb-padding-right:15%;--awb-padding-bottom:15%;--awb-padding-left:15%;--awb-bg-image:url(&#039;http:\/\/tiborhornak.sk\/wp-content\/uploads\/tiborweb-background2.jpg&#039;);--awb-bg-position:right top;--awb-bg-repeat:repeat;width:50%;width:calc(50% - ( ( 0px ) * 0.5 ) );margin-right: 0px;\"><div class=\"fusion-column-wrapper fusion-flex-column-wrapper-legacy fusion-column-has-bg-image\" data-bg-url=\"http:\/\/tiborhornak.sk\/wp-content\/uploads\/tiborweb-background2.jpg\"><div class=\"fusion-text fusion-text-1\"><h2 style=\"text-align: center;\"><span style=\"color: #ffffff;\">kto som?<\/span><\/h2>\n<\/div><div class=\"fusion-text fusion-text-2\"><p style=\"text-align: center;\"><span class=\"home-subtitle\">milovn\u00edk dreva<\/span><\/p>\n<\/div><svg class=\"dotted-separator\" width=\"90px\" height=\"20px\" viewBox=\"0 0 80 20\">\n    <line x1=\"10\" x2=\"80\" y1=\"10\" y2=\"10\" stroke=\"#fff\" stroke-width=\"10\" stroke-linecap=\"round\" stroke-dasharray=\"1,15\"\/>\n<\/svg><div class=\"fusion-text fusion-text-3\"><p style=\"text-align: justify;\">Vol\u00e1m sa <strong>Tibor Hor\u0148\u00e1k a m\u00e1m siln\u00fd vz\u0165ah s\u00a0drevom.<\/strong> Drevo, ako jeden z\u00a0piatich\u00a0elementov mi dal dar c\u00edti\u0165 jeho du\u0161u, pr\u00edbeh a jeho charakter. \u010cas sa pri pr\u00e1ci\u00a0s\u00a0drevom pre m\u0148a zastav\u00ed a ocit\u00e1m sa v\u00a0absol\u00fatnej jednote. Ka\u017ed\u00fd k\u00fasok prejde\u00a0dlh\u00fdm procesom opracov\u00e1vania a ja si to pri \u0148om patri\u010dne u\u017e\u00edvam. Pri pr\u00e1ci\u00a0pou\u017e\u00edvam len ru\u010dn\u00e9 n\u00e1radie. Odmenou mi je z\u00e1vere\u010dn\u00e9 \u201epomilovanie\u201c s drevom.\u00a0Je to vtedy, ke\u010f nan\u00e1\u0161am v\u010del\u00fd vosk a olej. Najrad\u0161ej ho rozotieram hol\u00fdmi\u00a0rukami. Mas\u00edrujem ka\u017ed\u00fd detail dreva v\u00a0radostnom o\u010dak\u00e1van\u00ed v\u00fdsledku.<\/p>\n<\/div><div class=\"fusion-aligncenter\"><a class=\"fusion-button button-flat fusion-button-default-size button-custom fusion-button-default button-1 fusion-button-default-span section-button\" style=\"--button_accent_color:#ffffff;--button_accent_hover_color:#ffffff;--button_border_hover_color:#ffffff;--button_border_width-top:2px;--button_border_width-right:2px;--button_border_width-bottom:2px;--button_border_width-left:2px;--button-border-radius-top-left:0px;--button-border-radius-top-right:0px;--button-border-radius-bottom-right:0px;--button-border-radius-bottom-left:0px;--button_gradient_top_color:rgba(255,255,255,0);--button_gradient_bottom_color:rgba(255,255,255,0);--button_gradient_top_color_hover:#f14624;--button_gradient_bottom_color_hover:#f14624;\" target=\"_self\" href=\"\/blog\/\"><i class=\" fa fa-pencil awb-button__icon awb-button__icon--default button-icon-left\" aria-hidden=\"true\"><\/i><span class=\"fusion-button-text awb-button__text awb-button__text--default\">m\u00f4j blog<\/span><\/a><\/div><div class=\"fusion-clearfix\"><\/div><\/div><\/div><div class=\"fusion-layout-column fusion_builder_column fusion-builder-column-1 fusion_builder_column_1_2 1_2 fusion-one-half fusion-column-last\" style=\"--awb-bg-image:url(&#039;http:\/\/tiborhornak.sk\/wp-content\/uploads\/2016\/11\/tibor-hornak.jpg&#039;);--awb-bg-position:center top;--awb-bg-size:cover;width:50%;width:calc(50% - ( ( 0px ) * 0.5 ) );\"><div class=\"fusion-column-wrapper fusion-flex-column-wrapper-legacy fusion-empty-column-bg-image fusion-column-has-bg-image\" data-bg-url=\"http:\/\/tiborhornak.sk\/wp-content\/uploads\/2016\/11\/tibor-hornak.jpg\"><img decoding=\"async\" class=\"fusion-empty-dims-img-placeholder fusion-no-large-visibility\" src=\"data:image\/gif;base64,R0lGODlhAQABAAAAACH5BAEKAAEALAAAAAABAAEAAAICTAEAOw==\"><div class=\"fusion-clearfix\"><\/div><\/div><\/div><\/div><\/div><div class=\"fusion-fullwidth fullwidth-box fusion-builder-row-2 hundred-percent-fullwidth non-hundred-percent-height-scrolling fusion-equal-height-columns\" style=\"--awb-border-radius-top-left:0px;--awb-border-radius-top-right:0px;--awb-border-radius-bottom-right:0px;--awb-border-radius-bottom-left:0px;--awb-padding-top:0px;--awb-padding-right:0px;--awb-padding-bottom:0px;--awb-padding-left:0px;--awb-margin-top:0px;--awb-margin-bottom:0px;--awb-flex-wrap:wrap;\" ><div class=\"fusion-builder-row fusion-row\"><div class=\"fusion-layout-column fusion_builder_column fusion-builder-column-2 fusion_builder_column_1_2 1_2 fusion-one-half fusion-column-first fusion-no-small-visibility\" style=\"--awb-bg-image:url(&#039;http:\/\/tiborhornak.sk\/wp-content\/uploads\/2016\/11\/ruka-titulka.jpg&#039;);--awb-bg-position:center top;--awb-bg-size:cover;width:50%;width:calc(50% - ( ( 0px ) * 0.5 ) );margin-right: 0px;\"><div class=\"fusion-column-wrapper fusion-flex-column-wrapper-legacy fusion-empty-column-bg-image fusion-column-has-bg-image\" data-bg-url=\"http:\/\/tiborhornak.sk\/wp-content\/uploads\/2016\/11\/ruka-titulka.jpg\"><img decoding=\"async\" class=\"fusion-empty-dims-img-placeholder fusion-no-large-visibility\" src=\"data:image\/gif;base64,R0lGODlhAQABAAAAACH5BAEKAAEALAAAAAABAAEAAAICTAEAOw==\"><div class=\"fusion-clearfix\"><\/div><\/div><\/div><div class=\"fusion-layout-column fusion_builder_column fusion-builder-column-3 fusion_builder_column_1_2 1_2 fusion-one-half fusion-column-last\" style=\"--awb-padding-top:15%;--awb-padding-right:15%;--awb-padding-bottom:15%;--awb-padding-left:15%;--awb-bg-image:url(&#039;http:\/\/tiborhornak.sk\/wp-content\/uploads\/tiborweb-background2.jpg&#039;);--awb-bg-size:cover;width:50%;width:calc(50% - ( ( 0px ) * 0.5 ) );\"><div class=\"fusion-column-wrapper fusion-flex-column-wrapper-legacy fusion-column-has-bg-image\" data-bg-url=\"http:\/\/tiborhornak.sk\/wp-content\/uploads\/tiborweb-background2.jpg\"><div class=\"fusion-text fusion-text-4\"><h2 style=\"text-align: center;\"><span style=\"color: #ffffff;\">\u010do rob\u00edm?<\/span><\/h2>\n<\/div><div class=\"fusion-text fusion-text-5\"><p style=\"text-align: center;\"><span class=\"home-subtitle\">poctiv\u00e1 ru\u010dn\u00e1 pr\u00e1ca<\/span><\/p>\n<\/div><svg class=\"dotted-separator\" width=\"90px\" height=\"20px\" viewBox=\"0 0 80 20\">\n    <line x1=\"10\" x2=\"80\" y1=\"10\" y2=\"10\" stroke=\"#fff\" stroke-width=\"10\" stroke-linecap=\"round\" stroke-dasharray=\"1,15\"\/>\n<\/svg><div class=\"fusion-text fusion-text-6\"><p style=\"text-align: justify;\">Uprednost\u0148ujem star\u00e9 vyzret\u00e9 drevo, ktor\u00e9mu d\u00e1vam nov\u00fd \u017eivot s\u00a0nov\u00fdm\u00a0naplnen\u00edm, ale neodmietam ani mlad\u00e9.\u00a0Pr\u00edbehy o dreve mi prich\u00e1dzaj\u00fa po\u010das pr\u00e1ce. M\u00f4\u017eete si k\u013eudne myslie\u0165 , \u017ee s\u00fa\u00a0vymyslen\u00e9. Mo\u017eno aj pre m\u0148a, no som v\u010fa\u010dn\u00fd za poznanie toho, \u017ee \u010do je v\u00a0mysli,\u00a0to je o chv\u00ed\u013eu realitou. A tak sa stalo.\u00a0Bude mi ve\u013ekou c\u0165ou, ke\u010f sa v\u00e1m moje diela bud\u00fa nato\u013eko p\u00e1\u010di\u0165, \u017ee si podobn\u00e9\u00a0k\u00fasky objedn\u00e1te. Ja v\u00e1m u\u017e teraz m\u00f4\u017eem s\u013e\u00fabi\u0165 naplnenie \u0161tvrtej dohody od\u00a0Dona Miguela Ruiza: <em><strong>V\u0161etko \u010do rob\u00ed\u0161, rob tak ako najlep\u0161ie vie\u0161.<\/strong><\/em><\/p>\n<\/div><div class=\"fusion-aligncenter\"><a class=\"fusion-button button-flat fusion-button-default-size button-custom fusion-button-default button-2 fusion-button-default-span section-button\" style=\"--button_accent_color:#ffffff;--button_accent_hover_color:#ffffff;--button_border_hover_color:#ffffff;--button_border_width-top:2px;--button_border_width-right:2px;--button_border_width-bottom:2px;--button_border_width-left:2px;--button-border-radius-top-left:0px;--button-border-radius-top-right:0px;--button-border-radius-bottom-right:0px;--button-border-radius-bottom-left:0px;--button_gradient_top_color:rgba(255,255,255,0);--button_gradient_bottom_color:rgba(255,255,255,0);--button_gradient_top_color_hover:#f14624;--button_gradient_bottom_color_hover:#f14624;\" target=\"_self\" href=\"\/portfolio\/\"><i class=\" fa fa-diamond awb-button__icon awb-button__icon--default button-icon-left\" aria-hidden=\"true\"><\/i><span class=\"fusion-button-text awb-button__text awb-button__text--default\">moja tvorba<\/span><\/a><\/div><div class=\"fusion-clearfix\"><\/div><\/div><\/div><\/div><\/div><div class=\"fusion-fullwidth fullwidth-box fusion-builder-row-3 hundred-percent-fullwidth non-hundred-percent-height-scrolling fusion-equal-height-columns\" style=\"--awb-border-radius-top-left:0px;--awb-border-radius-top-right:0px;--awb-border-radius-bottom-right:0px;--awb-border-radius-bottom-left:0px;--awb-padding-top:0px;--awb-padding-right:0px;--awb-padding-bottom:0px;--awb-padding-left:0px;--awb-margin-top:0px;--awb-margin-bottom:0px;--awb-flex-wrap:wrap;\" ><div class=\"fusion-builder-row fusion-row\"><div class=\"fusion-layout-column fusion_builder_column fusion-builder-column-4 fusion_builder_column_1_1 1_1 fusion-one-full fusion-column-first fusion-column-last fusion-no-medium-visibility fusion-no-large-visibility\" style=\"--awb-bg-image:url(&#039;http:\/\/tiborhornak.sk\/wp-content\/uploads\/2016\/11\/ruka-titulka.jpg&#039;);--awb-bg-position:center top;--awb-bg-size:cover;\"><div class=\"fusion-column-wrapper fusion-flex-column-wrapper-legacy fusion-empty-column-bg-image fusion-column-has-bg-image\" data-bg-url=\"http:\/\/tiborhornak.sk\/wp-content\/uploads\/2016\/11\/ruka-titulka.jpg\"><img decoding=\"async\" class=\"fusion-empty-dims-img-placeholder fusion-no-large-visibility\" src=\"data:image\/gif;base64,R0lGODlhAQABAAAAACH5BAEKAAEALAAAAAABAAEAAAICTAEAOw==\"><div class=\"fusion-clearfix\"><\/div><\/div><\/div><\/div><\/div><div class=\"fusion-fullwidth fullwidth-box fusion-builder-row-4 hundred-percent-fullwidth non-hundred-percent-height-scrolling fusion-equal-height-columns\" style=\"--awb-border-radius-top-left:0px;--awb-border-radius-top-right:0px;--awb-border-radius-bottom-right:0px;--awb-border-radius-bottom-left:0px;--awb-padding-top:0px;--awb-padding-right:0px;--awb-padding-bottom:0px;--awb-padding-left:0px;--awb-margin-top:0px;--awb-margin-bottom:0px;--awb-flex-wrap:wrap;\" id=\"ktosom\" ><div class=\"fusion-builder-row fusion-row\"><div class=\"fusion-layout-column fusion_builder_column fusion-builder-column-5 fusion_builder_column_1_2 1_2 fusion-one-half fusion-column-first\" style=\"--awb-padding-top:15%;--awb-padding-right:15%;--awb-padding-bottom:15%;--awb-padding-left:15%;--awb-bg-image:url(&#039;http:\/\/tiborhornak.sk\/wp-content\/uploads\/tiborweb-background2.jpg&#039;);--awb-bg-position:right top;--awb-bg-repeat:repeat;width:50%;width:calc(50% - ( ( 0px ) * 0.5 ) );margin-right: 0px;\"><div class=\"fusion-column-wrapper fusion-flex-column-wrapper-legacy fusion-column-has-bg-image\" data-bg-url=\"http:\/\/tiborhornak.sk\/wp-content\/uploads\/tiborweb-background2.jpg\"><div class=\"fusion-text fusion-text-7\"><h2 style=\"text-align: center;\"><span style=\"color: #ffffff;\">pre\u010do pyram\u00eddy?<\/span><\/h2>\n<\/div><div class=\"fusion-text fusion-text-8\"><p style=\"text-align: center;\"><span class=\"home-subtitle\">ako som sa k nim dostal<\/span><\/p>\n<\/div><svg class=\"dotted-separator\" width=\"90px\" height=\"20px\" viewBox=\"0 0 80 20\">\n    <line x1=\"10\" x2=\"80\" y1=\"10\" y2=\"10\" stroke=\"#fff\" stroke-width=\"10\" stroke-linecap=\"round\" stroke-dasharray=\"1,15\"\/>\n<\/svg><div class=\"fusion-text fusion-text-9\"><p style=\"text-align: justify;\">Pyram\u00eddy ma v\u017edy fascinovali. V\u00a0minulosti vo mne evokovali nie\u010do tajomn\u00e9, fantastick\u00e9. A\u017e po dlhom \u010dase som sa dostal k\u00a0video predn\u00e1\u0161ke profesora Uvarova. Tento vysokore\u0161pektovan\u00fd p\u00e1n aj vo vedeck\u00fdck kruhoch mi otvoril cestu k\u00a0sppozn\u00e1vaniu pyram\u00eddy, a\u00a0jej \u00fa\u010dinkoch. Pyram\u00eddy s\u00fa pre m\u0148a ako mo\u017enos\u0165 vn\u00edma\u0165 bo\u017esk\u00fa esenciu \u017eivota. Fascinuje ma ako mna prv\u00fd poh\u013ead jednoduch\u00e1 kon\u0161trukcia dok\u00e1\u017ee neuverite\u013en\u00e9 veci. V\u0161etky testy a\u00a0pokusy, ktor\u00e9 som prev\u00e1dzal v\u00a0pyram\u00edde ma V\u017dDY ohromili. Synchronicita vesm\u00edru je nie\u010do dokonal\u00e9 a\u00a0preto mi v\u00a0mojom \u017eivote vznik\u00e1 priestor na to, aby som v\u00e1m mohol prinies\u0165 sk\u00fasenosti, neuverite\u013en\u00e9 z\u00e1\u017eitky, zdrav\u0161\u00ed a\u00a0bohat\u0161\u00ed \u017eivot aj do va\u0161ich dom\u00e1cnost\u00ed a\u00a0z\u00e1hrad. Bude mi nesmiernou c\u0165ou, ke\u010f mii d\u00e1te pr\u00edle\u017eitos\u0165 v\u00e1m v\u0161etko \u010do viem o\u00a0pyram\u00eddach uk\u00e1za\u0165 a\u00a0urobi\u0165.<\/p>\n<\/div><div class=\"fusion-aligncenter\"><a class=\"fusion-button button-flat fusion-button-default-size button-custom fusion-button-default button-3 fusion-button-default-span section-button\" style=\"--button_accent_color:#ffffff;--button_accent_hover_color:#ffffff;--button_border_hover_color:#ffffff;--button_border_width-top:2px;--button_border_width-right:2px;--button_border_width-bottom:2px;--button_border_width-left:2px;--button-border-radius-top-left:0px;--button-border-radius-top-right:0px;--button-border-radius-bottom-right:0px;--button-border-radius-bottom-left:0px;--button_gradient_top_color:rgba(255,255,255,0);--button_gradient_bottom_color:rgba(255,255,255,0);--button_gradient_top_color_hover:#f14624;--button_gradient_bottom_color_hover:#f14624;\" target=\"_self\" href=\"\/liecebne-ucinky-pyramid\/\"><i class=\" fa fa-heartbeat awb-button__icon awb-button__icon--default button-icon-left\" aria-hidden=\"true\"><\/i><span class=\"fusion-button-text awb-button__text awb-button__text--default\">\u00fa\u010dinky pyram\u00edd<\/span><\/a><\/div><div class=\"fusion-clearfix\"><\/div><\/div><\/div><div class=\"fusion-layout-column fusion_builder_column fusion-builder-column-6 fusion_builder_column_1_2 1_2 fusion-one-half fusion-column-last\" style=\"--awb-bg-image:url(&#039;http:\/\/tiborhornak.sk\/wp-content\/uploads\/pyramida-front.jpg&#039;);--awb-bg-position:center top;--awb-bg-size:cover;width:50%;width:calc(50% - ( ( 0px ) * 0.5 ) );\"><div class=\"fusion-column-wrapper fusion-flex-column-wrapper-legacy fusion-empty-column-bg-image fusion-column-has-bg-image\" data-bg-url=\"http:\/\/tiborhornak.sk\/wp-content\/uploads\/pyramida-front.jpg\"><img decoding=\"async\" class=\"fusion-empty-dims-img-placeholder fusion-no-large-visibility\" src=\"data:image\/gif;base64,R0lGODlhAQABAAAAACH5BAEKAAEALAAAAAABAAEAAAICTAEAOw==\"><div class=\"fusion-clearfix\"><\/div><\/div><\/div><\/div><\/div><\/p>\n","protected":false},"excerpt":{"rendered":"","protected":false},"author":1,"featured_media":0,"parent":0,"menu_order":0,"comment_status":"closed","ping_status":"closed","template":"100-width.php","meta":{"footnotes":""},"class_list":["post-905","page","type-page","status-publish","hentry"],"_links":{"self":[{"href":"https:\/\/tiborhornak.sk\/en\/wp-json\/wp\/v2\/pages\/905","targetHints":{"allow":["GET"]}}],"collection":[{"href":"https:\/\/tiborhornak.sk\/en\/wp-json\/wp\/v2\/pages"}],"about":[{"href":"https:\/\/tiborhornak.sk\/en\/wp-json\/wp\/v2\/types\/page"}],"author":[{"embeddable":true,"href":"https:\/\/tiborhornak.sk\/en\/wp-json\/wp\/v2\/users\/1"}],"replies":[{"embeddable":true,"href":"https:\/\/tiborhornak.sk\/en\/wp-json\/wp\/v2\/comments?post=905"}],"version-history":[{"count":2,"href":"https:\/\/tiborhornak.sk\/en\/wp-json\/wp\/v2\/pages\/905\/revisions"}],"predecessor-version":[{"id":907,"href":"https:\/\/tiborhornak.sk\/en\/wp-json\/wp\/v2\/pages\/905\/revisions\/907"}],"wp:attachment":[{"href":"https:\/\/tiborhornak.sk\/en\/wp-json\/wp\/v2\/media?parent=905"}],"curies":[{"name":"wp","href":"https:\/\/api.w.org\/{rel}","templated":true}]}}